{"id":291,"date":"2016-12-09T16:05:48","date_gmt":"2016-12-09T15:05:48","guid":{"rendered":"http:\/\/sm-autosan.pl\/?page_id=291"},"modified":"2021-11-03T08:27:34","modified_gmt":"2021-11-03T07:27:34","slug":"zglos-awarie","status":"publish","type":"page","link":"http:\/\/sm-autosan.pl\/?page_id=291","title":{"rendered":"Zg\u0142o\u015b Awari\u0119"},"content":{"rendered":"<h3 class=\"name\" style=\"text-align: center;\"><span style=\"color: #000000;\"><strong>\u201eAZ\u201d \u2013\u00a0 Firma Produkcyjno-Handlowo-Us\u0142ugowa Krzysztof Zmarz<\/strong><\/span><\/h3>\n<h4 style=\"text-align: center;\"><span style=\"color: #000000;\"><strong>ul. Wolna 4, 38-500 Sanok<\/strong><\/span><\/h4>\n<h4 style=\"text-align: center;\"><span style=\"color: #000000;\"><strong>tel. 13 46 40 871<\/strong><\/span><\/h4>\n<h4 style=\"text-align: center;\"><span style=\"color: #000000;\"><strong>tel. kom. 782 576 330<\/strong><\/span><\/h4>\n<h4 style=\"text-align: center;\"><span style=\"color: #000000;\"><strong><span style=\"color: #ff0000;\">Noce i dni wolne:<\/span> \u00a0<\/strong><\/span><\/h4>\n<h4 style=\"text-align: center;\"><span style=\"color: #000000;\"><strong>tel. kom. 1 &#8211; 609 900 178<br \/>\n<\/strong><\/span><\/h4>\n<h4 style=\"text-align: center;\"><span style=\"color: #000000;\"><strong>tel. kom. 2 &#8211; 782 576 330<br \/>\n<\/strong><\/span><\/h4>\n<p>&nbsp;<\/p>\n<h4 style=\"text-align: center;\"><strong><span style=\"color: #000000;\">Domofony<\/span><\/strong><\/h4>\n<h4 style=\"text-align: center;\"><strong><span style=\"color: #000000;\">tel. kom. 1 &#8211; 733 233 785<\/span><\/strong><\/h4>\n<h4 style=\"text-align: center;\"><strong><span style=\"color: #000000;\">tel. kom. 2 &#8211; 507 131 425<\/span><\/strong><\/h4>\n","protected":false},"excerpt":{"rendered":"<p>\u201eAZ\u201d \u2013\u00a0 Firma Produkcyjno-Handlowo-Us\u0142ugowa Krzysztof Zmarz ul. Wolna 4, 38-500 Sanok tel. 13 46 40 871 tel. kom. 782 576<\/p>\n","protected":false},"author":1,"featured_media":0,"parent":0,"menu_order":0,"comment_status":"closed","ping_status":"closed","template":"","meta":[],"aioseo_notices":[],"_links":{"self":[{"href":"http:\/\/sm-autosan.pl\/index.php?rest_route=\/wp\/v2\/pages\/291"}],"collection":[{"href":"http:\/\/sm-autosan.pl\/index.php?rest_route=\/wp\/v2\/pages"}],"about":[{"href":"http:\/\/sm-autosan.pl\/index.php?rest_route=\/wp\/v2\/types\/page"}],"author":[{"embeddable":true,"href":"http:\/\/sm-autosan.pl\/index.php?rest_route=\/wp\/v2\/users\/1"}],"replies":[{"embeddable":true,"href":"http:\/\/sm-autosan.pl\/index.php?rest_route=%2Fwp%2Fv2%2Fcomments&post=291"}],"version-history":[{"count":7,"href":"http:\/\/sm-autosan.pl\/index.php?rest_route=\/wp\/v2\/pages\/291\/revisions"}],"predecessor-version":[{"id":1711,"href":"http:\/\/sm-autosan.pl\/index.php?rest_route=\/wp\/v2\/pages\/291\/revisions\/1711"}],"wp:attachment":[{"href":"http:\/\/sm-autosan.pl\/index.php?rest_route=%2Fwp%2Fv2%2Fmedia&parent=291"}],"curies":[{"name":"wp","href":"https:\/\/api.w.org\/{rel}","templated":true}]}}