{"id":257,"date":"2016-12-06T14:47:04","date_gmt":"2016-12-06T13:47:04","guid":{"rendered":"http:\/\/sm-autosan.pl\/?page_id=257"},"modified":"2016-12-06T14:47:31","modified_gmt":"2016-12-06T13:47:31","slug":"257-2","status":"publish","type":"page","link":"http:\/\/sm-autosan.pl\/?page_id=257","title":{"rendered":"Historia Sp\u00f3\u0142dzielni Mieszkaniowej &#8222;AUTOSAN&#8221;"},"content":{"rendered":"<p style=\"text-align: justify;\">\u00a0\u00a0\u00a0\u00a0\u00a0\u00a0\u00a0\u00a0\u00a0 Sp\u00f3\u0142dzielnia Mieszkaniowa w \u201eAUTOSAN\u201d w Sanoku powsta\u0142a w 1966 roku z inicjatywy pracownik\u00f3w jednego z najwi\u0119kszych w kraju w latach 60 zak\u0142adu motoryzacyjnego, tj. Sanockiej Fabryki Autobus\u00f3w \u201eAUTOSAN\u201d. Od 1986 r. Sp\u00f3\u0142dzielnia poszerzaj\u0105c zakres swojej dzia\u0142alno\u015bci i przyjmuj\u0105c zmienion\u0105 nazw\u0119 na Zak\u0142adowa Sp\u00f3\u0142dzielnia Mieszkaniowa \u201eAUTOSAN\u201d, podj\u0119\u0142a si\u0119 realizacji ambitnego programu Sp\u00f3\u0142dzielczego budownictwa wielorodzinnego. W pocz\u0105tkowym okresie Sp\u00f3\u0142dzielnia budowa\u0142a mieszkania wy\u0142\u0105cznie dla pracownik\u00f3w fabryki \u201eAUTOSAN\u201d.<\/p>\n<p style=\"text-align: justify;\">\u00a0\u00a0\u00a0\u00a0\u00a0\u00a0\u00a0\u00a0 W najtrudniejszym okresie transformacji polityczno gospodarczej kraju, tj. na prze\u0142omie lat 80 i 90 Sp\u00f3\u0142dzielnia wybudowa\u0142a w Sanoku prawie 500 mieszka\u0144, staj\u0105c si\u0119 w tym okresie w dziedzinie budownictwa mieszkaniowego jednym z najbardziej dynamicznych i miastotw\u00f3rczych podmiot\u00f3w w regionie. W kolejnym okresie tj. w latach 1993 \u2013 2008 sp\u00f3\u0142dzielnia wybudowa\u0142a 8 kolejnych budynk\u00f3w wielorodzinnych z 211 mieszka\u0144cami, w tym przy wsp\u00f3\u0142pracy z miastem budynek z mieszkaniami na wynajem z udzia\u0142em preferencyjnego kredyt\u00f3w ze \u015brodk\u00f3w Krajowego Funduszu Mieszkaniowego dla rodzin nie posiadaj\u0105cych stosownych \u015brodk\u00f3w na mieszkania w\u0142asno\u015bciowe i oczekuj\u0105ce od wielu lat na miejskie mieszkania komunalne.<\/p>\n<p style=\"text-align: justify;\">\u00a0\u00a0\u00a0\u00a0\u00a0\u00a0\u00a0\u00a0 Sp\u00f3\u0142dzielnia obecnie zarz\u0105dza na prawie 15 hektarowym zagospodarowanym terenie ponad 1300 mieszkaniami, kt\u00f3re by\u0142y przez ni\u0105 i Autosan S.A. budowane.<\/p>\n<p style=\"text-align: justify;\">\u00a0\u00a0\u00a0\u00a0\u00a0\u00a0\u00a0\u00a0 Aktywnie wsp\u00f3\u0142pracuj\u0105c z gmin\u0105 miasta Sanoka Sp\u00f3\u0142dzielnia przyczyni\u0142a si\u0119 do opracowania \u201eLOKALNEGO PROGRAMU REWITALIZACJI\u201d miasta, czym stworzy\u0142a mi\u0119dzy innymi sobie niezb\u0119dne warunki do skutecznego ubiegania si\u0119 w 2010 r. o \u015brodki unijne na rewitalizacj\u0119 czterech prawie stuletnich, wielorodzinnych budynk\u00f3w mieszka\u0144c\u00f3w osiedla Konarskiego oraz na modernizacj\u0119 pozak\u0142adowego osiedlowego systemu ciep\u0142owniczego jak r\u00f3wnie\u017c na remont i modernizacj\u0119 budynku by\u0142ego \u017c\u0142obka pozak\u0142adowego z nadbudow\u0105 poddasza przeznaczon\u0105 na cele og\u00f3lnospo\u0142eczne i dzia\u0142alno\u015b\u0107 kulturaln\u0105.<\/p>\n<p style=\"text-align: justify;\">\u00a0\u00a0\u00a0\u00a0\u00a0\u00a0\u00a0 Wprowadzaj\u0105c w 1993 r. jako jedna z pierwszych w kraju innowacyjne technologie opomiarowania zu\u017cycia energii cieplnej w budynkach mieszkalnych oraz zu\u017cycia wody jak r\u00f3wnie\u017c automatyzacj\u0119 centralnych w\u0119z\u0142\u00f3w wymiennikowni Sp\u00f3\u0142dzielnia uzyska\u0142a rekordowe obni\u017cenia zu\u017cy\u0107 tych medi\u00f3w.<\/p>\n<p style=\"text-align: justify;\">\u00a0\u00a0\u00a0\u00a0\u00a0\u00a0\u00a0\u00a0 Kolejna redukcja zu\u017cycia ciep\u0142a nast\u0105pi\u0142a po zrealizowaniu pocz\u0105wszy od 1997 roku, kompleksowego programu termomodernizacji budynk\u00f3w o\u017cywiaj\u0105cego kolorystycznie osiedla.<\/p>\n<p style=\"text-align: justify;\">\u00a0\u00a0\u00a0\u00a0\u00a0\u00a0 \u00a0 Ca\u0142okszta\u0142t dzia\u0142alno\u015bci Sp\u00f3\u0142dzielni zosta\u0142 dostrze\u017cony i doceniony przez Kapitu\u0142\u0119 Regionalnego Konkursu Promocyjnego, kt\u00f3ra nada\u0142a Sp\u00f3\u0142dzielni Mieszkaniowej \u201eAUTOSAN\u201d god\u0142o \u201eFirma Roku Ziemi Sanockiej 2005\u201d.<\/p>\n<p style=\"text-align: justify;\">\u00a0\u00a0\u00a0\u00a0\u00a0\u00a0\u00a0\u00a0 Ponadto renomowane pismo krajowe \u201ePlus Biznesu\u201d przyzna\u0142o Sp\u00f3\u0142dzielni Mieszkaniowej \u201eAUTOSAN\u201d w Sanoku wyr\u00f3\u017cnienie, wr\u0119czone w Krakowie w marcu 2009 r., w\u0142\u0105czaj\u0105c tym Sp\u00f3\u0142dzielnie do grona krajowych \u201eGAZELI BIZNESU\u201d. Sp\u00f3\u0142dzielnia w roku 2010, 2011 oraz 2012 otrzymywa\u0142a r\u00f3wnie\u017c z r\u0105k Wojewody podkarpackiego oraz Marsza\u0142ka Wojew\u00f3dztwa trzykrotne WYR\u00d3\u017bNIENIE PODKARPACKIEJ NAGRODY GOSPODARCZEJ za efektywn\u0105 dzia\u0142alno\u015b\u0107 gospodarcz\u0105.<\/p>\n<p style=\"text-align: justify;\">\u00a0\u00a0\u00a0\u00a0\u00a0\u00a0\u00a0\u00a0\u00a0 Wyniki oraz przyznane sp\u00f3\u0142dzielni mieszkaniowej \u201eAUTOSAN\u201d wyr\u00f3\u017cnienia za efekty dzia\u0142alno\u015bci gospodarczej s\u0105 dowodem i przyk\u0142adem na to, \u017ce r\u00f3wnie\u017c w trudnych okresach gospodarczych nawet w nie\u0142atwym lokalizacyjnie rejonie kraju poprzez solidarnie, m\u0105dre dzia\u0142anie nie a\u017c tak du\u017cej spo\u0142eczno\u015bci sp\u00f3\u0142dzielczej, trafne decyzje organ\u00f3w Sp\u00f3\u0142dzielni, jak te\u017c rzeteln\u0105 prac\u0105 jej za\u0142ogi mo\u017cna zdzia\u0142a\u0107 wiele rozwojowo pozytywnego dla mieszka\u0144c\u00f3w oraz ca\u0142ego miasta regionu.<\/p>\n<p style=\"text-align: justify;\"><img decoding=\"async\" loading=\"lazy\" class=\"alignnone size-full wp-image-258\" src=\"http:\/\/sm-autosan.pl\/wp-content\/uploads\/2016\/12\/SH107753.gif\" alt=\"sh107753\" width=\"3264\" height=\"2448\" \/><\/p>\n","protected":false},"excerpt":{"rendered":"<p>\u00a0\u00a0\u00a0\u00a0\u00a0\u00a0\u00a0\u00a0\u00a0 Sp\u00f3\u0142dzielnia Mieszkaniowa w \u201eAUTOSAN\u201d w Sanoku powsta\u0142a w 1966 roku z inicjatywy pracownik\u00f3w jednego z najwi\u0119kszych w kraju w<\/p>\n","protected":false},"author":1,"featured_media":0,"parent":0,"menu_order":0,"comment_status":"closed","ping_status":"closed","template":"","meta":[],"aioseo_notices":[],"_links":{"self":[{"href":"http:\/\/sm-autosan.pl\/index.php?rest_route=\/wp\/v2\/pages\/257"}],"collection":[{"href":"http:\/\/sm-autosan.pl\/index.php?rest_route=\/wp\/v2\/pages"}],"about":[{"href":"http:\/\/sm-autosan.pl\/index.php?rest_route=\/wp\/v2\/types\/page"}],"author":[{"embeddable":true,"href":"http:\/\/sm-autosan.pl\/index.php?rest_route=\/wp\/v2\/users\/1"}],"replies":[{"embeddable":true,"href":"http:\/\/sm-autosan.pl\/index.php?rest_route=%2Fwp%2Fv2%2Fcomments&post=257"}],"version-history":[{"count":3,"href":"http:\/\/sm-autosan.pl\/index.php?rest_route=\/wp\/v2\/pages\/257\/revisions"}],"predecessor-version":[{"id":261,"href":"http:\/\/sm-autosan.pl\/index.php?rest_route=\/wp\/v2\/pages\/257\/revisions\/261"}],"wp:attachment":[{"href":"http:\/\/sm-autosan.pl\/index.php?rest_route=%2Fwp%2Fv2%2Fmedia&parent=257"}],"curies":[{"name":"wp","href":"https:\/\/api.w.org\/{rel}","templated":true}]}}